{"id":16,"date":"2023-02-13T11:35:38","date_gmt":"2023-02-13T11:35:38","guid":{"rendered":"https:\/\/www.horticultoresmdq.com.ar\/portal\/?page_id=16"},"modified":"2023-02-20T17:23:16","modified_gmt":"2023-02-20T17:23:16","slug":"inicio","status":"publish","type":"page","link":"https:\/\/www.horticultoresmdq.com.ar\/portal\/","title":{"rendered":"Inicio"},"content":{"rendered":"\t\t<div data-elementor-type=\"wp-page\" data-elementor-id=\"16\" class=\"elementor elementor-16\" data-elementor-settings=\"[]\">\n\t\t\t\t\t\t\t<div class=\"elementor-section-wrap\">\n\t\t\t\t\t\t\t<section class=\"elementor-section elementor-top-section elementor-element elementor-element-b4a36df elementor-section-boxed elementor-section-height-default elementor-section-height-default\" data-id=\"b4a36df\" data-element_type=\"section\">\n\t\t\t\t\t\t<div class=\"elementor-container elementor-column-gap-default\">\n\t\t\t\t\t<div class=\"elementor-column elementor-col-100 elementor-top-column elementor-element elementor-element-ee5ef74\" data-id=\"ee5ef74\" data-element_type=\"column\">\n\t\t\t<div class=\"elementor-widget-wrap\">\n\t\t\t\t\t\t\t\t\t<\/div>\n\t\t<\/div>\n\t\t\t\t\t\t\t<\/div>\n\t\t<\/section>\n\t\t\t\t<section class=\"elementor-section elementor-top-section elementor-element elementor-element-4e7ee22 elementor-section-full_width elementor-section-height-default elementor-section-height-default\" data-id=\"4e7ee22\" data-element_type=\"section\">\n\t\t\t\t\t\t<div class=\"elementor-container elementor-column-gap-default\">\n\t\t\t\t\t<div class=\"elementor-column elementor-col-100 elementor-top-column elementor-element elementor-element-8713084\" data-id=\"8713084\" data-element_type=\"column\">\n\t\t\t<div class=\"elementor-widget-wrap elementor-element-populated\">\n\t\t\t\t\t\t\t\t<div class=\"elementor-element elementor-element-461b8b1 elementor--h-position-center elementor--v-position-middle elementor-arrows-position-inside elementor-pagination-position-inside elementor-widget elementor-widget-slides\" data-id=\"461b8b1\" data-element_type=\"widget\" data-settings=\"{&quot;navigation&quot;:&quot;both&quot;,&quot;autoplay&quot;:&quot;yes&quot;,&quot;pause_on_hover&quot;:&quot;yes&quot;,&quot;pause_on_interaction&quot;:&quot;yes&quot;,&quot;autoplay_speed&quot;:5000,&quot;infinite&quot;:&quot;yes&quot;,&quot;transition&quot;:&quot;slide&quot;,&quot;transition_speed&quot;:500}\" data-widget_type=\"slides.default\">\n\t\t\t\t<div class=\"elementor-widget-container\">\n\t\t\t\t\t<div class=\"elementor-swiper\">\n\t\t\t<div class=\"elementor-slides-wrapper elementor-main-swiper swiper-container\" dir=\"ltr\" data-animation=\"fadeInUp\">\n\t\t\t\t<div class=\"swiper-wrapper elementor-slides\">\n\t\t\t\t\t<div class=\"elementor-repeater-item-59a7ab3 swiper-slide\"><div class=\"swiper-slide-bg elementor-ken-burns elementor-ken-burns--in\"><\/div><div class=\"swiper-slide-inner\" ><div class=\"swiper-slide-contents\"><div class=\"elementor-slide-heading\">LAS MEJORES FRUTAS  DE MAR DEL PLATA<\/div><\/div><\/div><\/div><div class=\"elementor-repeater-item-c3da550 swiper-slide\"><div class=\"swiper-slide-bg elementor-ken-burns elementor-ken-burns--in\"><\/div><div class=\"swiper-slide-inner\" ><div class=\"swiper-slide-contents\"><div class=\"elementor-slide-heading\">Y EXCELENTES HORTALIZAS!<\/div><\/div><\/div><\/div><div class=\"elementor-repeater-item-4b2ba02 swiper-slide\"><div class=\"swiper-slide-bg elementor-ken-burns elementor-ken-burns--in\"><\/div><div class=\"swiper-slide-inner\" ><div class=\"swiper-slide-contents\"><div class=\"elementor-slide-heading\">PRODUCTOS SIEMPRE FRESCOS, RECIEN TRAIDOS DEL PRODUCTOR!<\/div><\/div><\/div><\/div><div class=\"elementor-repeater-item-3cef3cf swiper-slide\"><div class=\"swiper-slide-bg elementor-ken-burns elementor-ken-burns--in\"><\/div><div class=\"swiper-slide-inner\" ><div class=\"swiper-slide-contents\"><div class=\"elementor-slide-heading\">SEMILLERIA<\/div><div class=\"elementor-slide-description\">Aqu\u00ed podr\u00e1 adquirir todo tipo de semillas, accesorios  y asesoramiento para la producci\u00f3n.<\/div><\/div><\/div><\/div><div class=\"elementor-repeater-item-c7de4b6 swiper-slide\"><div class=\"swiper-slide-bg elementor-ken-burns elementor-ken-burns--in\"><\/div><div class=\"swiper-slide-inner\" ><div class=\"swiper-slide-contents\"><div class=\"elementor-slide-heading\">SEGURIDAD EN SU SIEMBRA<\/div><div class=\"elementor-slide-description\">Productos de primer nivel para su cosecha<\/div><\/div><\/div><\/div><div class=\"elementor-repeater-item-bc2cc8d swiper-slide\"><div class=\"swiper-slide-bg elementor-ken-burns elementor-ken-burns--in\"><\/div><div class=\"swiper-slide-inner\" ><div class=\"swiper-slide-contents\"><div class=\"elementor-slide-heading\">ASESORAMIENTO INTEGRAL<\/div><div class=\"elementor-slide-description\">Nuestro personal calificado, le brindar\u00e1 un asesoramiento personalizado, para obtener los mejores rendimientos.<\/div><\/div><\/div><\/div><div class=\"elementor-repeater-item-733a307 swiper-slide\"><div class=\"swiper-slide-bg elementor-ken-burns elementor-ken-burns--in\"><\/div><div class=\"swiper-slide-inner\" ><div class=\"swiper-slide-contents\"><div class=\"elementor-slide-heading\">NUESTRO FUTURO PROYECTO<\/div><div class=\"elementor-slide-description\">Tratando de mejorar d\u00eda a d\u00eda con nuestros servicios, proyectamos mejorar la estructura edilicia para un mejor desempe\u00f1o de nuestras actividades.<\/div><\/div><\/div><\/div><div class=\"elementor-repeater-item-f562a41 swiper-slide\"><div class=\"swiper-slide-bg elementor-ken-burns elementor-ken-burns--in\"><\/div><div class=\"swiper-slide-inner\" ><div class=\"swiper-slide-contents\"><div class=\"elementor-slide-heading\">EN BUSCA DE LA EXCELENCIA EN SERVICIOS<\/div><\/div><\/div><\/div>\t\t\t\t<\/div>\n\t\t\t\t\t\t\t\t\t\t\t\t\t\t\t<div class=\"swiper-pagination\"><\/div>\n\t\t\t\t\t\t\t\t\t\t\t\t\t\t\t\t<div class=\"elementor-swiper-button elementor-swiper-button-prev\">\n\t\t\t\t\t\t\t<i class=\"eicon-chevron-left\" aria-hidden=\"true\"><\/i>\n\t\t\t\t\t\t\t<span class=\"elementor-screen-only\">Previous<\/span>\n\t\t\t\t\t\t<\/div>\n\t\t\t\t\t\t<div class=\"elementor-swiper-button elementor-swiper-button-next\">\n\t\t\t\t\t\t\t<i class=\"eicon-chevron-right\" aria-hidden=\"true\"><\/i>\n\t\t\t\t\t\t\t<span class=\"elementor-screen-only\">Next<\/span>\n\t\t\t\t\t\t<\/div>\n\t\t\t\t\t\t\t\t\t\t\t\t<\/div>\n\t\t<\/div>\n\t\t\t\t<\/div>\n\t\t\t\t<\/div>\n\t\t\t\t\t<\/div>\n\t\t<\/div>\n\t\t\t\t\t\t\t<\/div>\n\t\t<\/section>\n\t\t\t\t\t\t<\/div>\n\t\t\t\t\t<\/div>\n\t\t","protected":false},"excerpt":{"rendered":"<p>LAS MEJORES FRUTAS DE MAR DEL PLATAY EXCELENTES HORTALIZAS!PRODUCTOS SIEMPRE FRESCOS, RECIEN TRAIDOS DEL PRODUCTOR!SEMILLERIAAqu\u00ed podr\u00e1 adquirir todo tipo de semillas, accesorios y asesoramiento para la producci\u00f3n.SEGURIDAD EN SU SIEMBRAProductos de primer nivel para su cosechaASESORAMIENTO INTEGRALNuestro personal calificado, le brindar\u00e1 un asesoramiento personalizado, para obtener los mejores rendimientos.NUESTRO FUTURO PROYECTOTratando de mejorar d\u00eda a [&hellip;]<\/p>\n","protected":false},"author":1,"featured_media":0,"parent":0,"menu_order":0,"comment_status":"closed","ping_status":"closed","template":"","meta":{"footnotes":""},"class_list":["post-16","page","type-page","status-publish","hentry"],"_links":{"self":[{"href":"https:\/\/www.horticultoresmdq.com.ar\/portal\/wp-json\/wp\/v2\/pages\/16","targetHints":{"allow":["GET"]}}],"collection":[{"href":"https:\/\/www.horticultoresmdq.com.ar\/portal\/wp-json\/wp\/v2\/pages"}],"about":[{"href":"https:\/\/www.horticultoresmdq.com.ar\/portal\/wp-json\/wp\/v2\/types\/page"}],"author":[{"embeddable":true,"href":"https:\/\/www.horticultoresmdq.com.ar\/portal\/wp-json\/wp\/v2\/users\/1"}],"replies":[{"embeddable":true,"href":"https:\/\/www.horticultoresmdq.com.ar\/portal\/wp-json\/wp\/v2\/comments?post=16"}],"version-history":[{"count":125,"href":"https:\/\/www.horticultoresmdq.com.ar\/portal\/wp-json\/wp\/v2\/pages\/16\/revisions"}],"predecessor-version":[{"id":403,"href":"https:\/\/www.horticultoresmdq.com.ar\/portal\/wp-json\/wp\/v2\/pages\/16\/revisions\/403"}],"wp:attachment":[{"href":"https:\/\/www.horticultoresmdq.com.ar\/portal\/wp-json\/wp\/v2\/media?parent=16"}],"curies":[{"name":"wp","href":"https:\/\/api.w.org\/{rel}","templated":true}]}}